{"id":2,"date":"2024-05-08T13:49:48","date_gmt":"2024-05-08T13:49:48","guid":{"rendered":"https:\/\/homeandevent.ch\/?page_id=2"},"modified":"2024-05-24T10:45:15","modified_gmt":"2024-05-24T08:45:15","slug":"ferienhausservice-hauswartungen","status":"publish","type":"page","link":"https:\/\/homeandevent.ch\/it\/ferienhausservice-hauswartungen\/","title":{"rendered":"Servizio casa vacanze + Manutenzione della casa"},"content":{"rendered":"<div data-elementor-type=\"wp-page\" data-elementor-id=\"2\" class=\"elementor elementor-2\" data-elementor-post-type=\"page\">\n\t\t\t\t<div class=\"elementor-element elementor-element-57ad2851 e-flex e-con-boxed e-con e-parent\" data-id=\"57ad2851\" data-element_type=\"container\" data-e-type=\"container\" data-settings=\"{&quot;background_background&quot;:&quot;classic&quot;}\">\n\t\t\t\t\t<div class=\"e-con-inner\">\n\t\t<div class=\"elementor-element elementor-element-621cc2f2 e-con-full e-flex e-con e-child\" data-id=\"621cc2f2\" data-element_type=\"container\" data-e-type=\"container\" data-settings=\"{&quot;background_background&quot;:&quot;classic&quot;}\">\n\t\t\t\t<div class=\"elementor-element elementor-element-6fabedb8 elementor-widget elementor-widget-heading\" data-id=\"6fabedb8\" data-element_type=\"widget\" data-e-type=\"widget\" data-widget_type=\"heading.default\">\n\t\t\t\t<div class=\"elementor-widget-container\">\n\t\t\t\t\t<h2 class=\"elementor-heading-title elementor-size-default\">Servizio casa vacanze + Manutenzione della casa<\/h2>\t\t\t\t<\/div>\n\t\t\t\t<\/div>\n\t\t\t\t<div class=\"elementor-element elementor-element-1adcd37f elementor-widget elementor-widget-heading\" data-id=\"1adcd37f\" data-element_type=\"widget\" data-e-type=\"widget\" data-widget_type=\"heading.default\">\n\t\t\t\t<div class=\"elementor-widget-container\">\n\t\t\t\t\t<h2 class=\"elementor-heading-title elementor-size-default\">Gestione della casa vacanze (pacchetto spensierato)\n<\/h2>\t\t\t\t<\/div>\n\t\t\t\t<\/div>\n\t\t\t\t<div class=\"elementor-element elementor-element-35a557d4 elementor-widget elementor-widget-text-editor\" data-id=\"35a557d4\" data-element_type=\"widget\" data-e-type=\"widget\" data-widget_type=\"text-editor.default\">\n\t\t\t\t<div class=\"elementor-widget-container\">\n\t\t\t\t\t\t\t\t\t<ul><li>Pulizia<\/li><li>Spesa<\/li><li>Riparazioni<\/li><li>Manutenzione del giardino\u200b<\/li><li>Ispezioni\u200b<\/li><li>Ispezioni della casa\u200b<\/li><li>Piccole modifiche\u200b<\/li><li>Consegna delle chiavi\u200b<\/li><li>Coordinamento delle trasformazioni con gli artigiani regionali<\/li><\/ul>\t\t\t\t\t\t\t\t<\/div>\n\t\t\t\t<\/div>\n\t\t\t\t<\/div>\n\t\t\t\t\t<\/div>\n\t\t\t\t<\/div>\n\t\t\t\t<\/div>","protected":false},"excerpt":{"rendered":"<p>Ferienhausservice + Hauswartungen Ferienhausmanagement (Sorglospaket) Putzen Eink\u00e4ufe Reparaturen Gartenpflege Kontrollg\u00e4nge Hausabnahmen Kleine Umbauten Schl\u00fcssel\u00fcbergaben Koordination von Umbauten mit regionalen Handwerkern<\/p>","protected":false},"author":1,"featured_media":0,"parent":0,"menu_order":0,"comment_status":"closed","ping_status":"closed","template":"","meta":{"iawp_total_views":64,"footnotes":""},"class_list":["post-2","page","type-page","status-publish","hentry"],"yoast_head":"<!-- This site is optimized with the Yoast SEO plugin v27.4 - https:\/\/yoast.com\/product\/yoast-seo-wordpress\/ -->\n<title>Ferienhausservice + Hauswartungen &#062; Home and Event<\/title>\n<meta name=\"robots\" content=\"index, follow, max-snippet:-1, max-image-preview:large, max-video-preview:-1\" \/>\n<link rel=\"canonical\" href=\"https:\/\/homeandevent.ch\/it\/ferienhausservice-hauswartungen\/\" \/>\n<meta property=\"og:locale\" content=\"it_IT\" \/>\n<meta property=\"og:type\" content=\"article\" \/>\n<meta property=\"og:title\" content=\"Ferienhausservice + Hauswartungen &#062; Home and Event\" \/>\n<meta property=\"og:description\" content=\"Ferienhausservice + Hauswartungen Ferienhausmanagement (Sorglospaket) Putzen Eink\u00e4ufe Reparaturen Gartenpflege Kontrollg\u00e4nge Hausabnahmen Kleine Umbauten Schl\u00fcssel\u00fcbergaben Koordination von Umbauten mit regionalen Handwerkern\" \/>\n<meta property=\"og:url\" content=\"https:\/\/homeandevent.ch\/it\/ferienhausservice-hauswartungen\/\" \/>\n<meta property=\"og:site_name\" content=\"Home and Event\" \/>\n<meta property=\"article:publisher\" content=\"https:\/\/www.facebook.com\/profile.php?id=61559863839464\" \/>\n<meta property=\"article:modified_time\" content=\"2024-05-24T08:45:15+00:00\" \/>\n<meta property=\"og:image\" content=\"https:\/\/homeandevent.ch\/wp-content\/uploads\/2024\/05\/IMG_6756-scaled.jpg\" \/>\n\t<meta property=\"og:image:width\" content=\"2560\" \/>\n\t<meta property=\"og:image:height\" content=\"1920\" \/>\n\t<meta property=\"og:image:type\" content=\"image\/jpeg\" \/>\n<meta name=\"twitter:card\" content=\"summary_large_image\" \/>\n<script type=\"application\/ld+json\" class=\"yoast-schema-graph\">{\"@context\":\"https:\\\/\\\/schema.org\",\"@graph\":[{\"@type\":\"WebPage\",\"@id\":\"https:\\\/\\\/homeandevent.ch\\\/ferienhausservice-hauswartungen\\\/\",\"url\":\"https:\\\/\\\/homeandevent.ch\\\/ferienhausservice-hauswartungen\\\/\",\"name\":\"Ferienhausservice + Hauswartungen &#062; Home and Event\",\"isPartOf\":{\"@id\":\"https:\\\/\\\/homeandevent.ch\\\/#website\"},\"datePublished\":\"2024-05-08T13:49:48+00:00\",\"dateModified\":\"2024-05-24T08:45:15+00:00\",\"breadcrumb\":{\"@id\":\"https:\\\/\\\/homeandevent.ch\\\/ferienhausservice-hauswartungen\\\/#breadcrumb\"},\"inLanguage\":\"it-IT\",\"potentialAction\":[{\"@type\":\"ReadAction\",\"target\":[\"https:\\\/\\\/homeandevent.ch\\\/ferienhausservice-hauswartungen\\\/\"]}]},{\"@type\":\"BreadcrumbList\",\"@id\":\"https:\\\/\\\/homeandevent.ch\\\/ferienhausservice-hauswartungen\\\/#breadcrumb\",\"itemListElement\":[{\"@type\":\"ListItem\",\"position\":1,\"name\":\"Startseite\",\"item\":\"https:\\\/\\\/homeandevent.ch\\\/\"},{\"@type\":\"ListItem\",\"position\":2,\"name\":\"Ferienhausservice + Hauswartungen\"}]},{\"@type\":\"WebSite\",\"@id\":\"https:\\\/\\\/homeandevent.ch\\\/#website\",\"url\":\"https:\\\/\\\/homeandevent.ch\\\/\",\"name\":\"Home and Event\",\"description\":\"Allrounder f\u00fcr Hauswartungen, Metallkunst und Sandstrahlen\",\"publisher\":{\"@id\":\"https:\\\/\\\/homeandevent.ch\\\/#organization\"},\"potentialAction\":[{\"@type\":\"SearchAction\",\"target\":{\"@type\":\"EntryPoint\",\"urlTemplate\":\"https:\\\/\\\/homeandevent.ch\\\/?s={search_term_string}\"},\"query-input\":{\"@type\":\"PropertyValueSpecification\",\"valueRequired\":true,\"valueName\":\"search_term_string\"}}],\"inLanguage\":\"it-IT\"},{\"@type\":\"Organization\",\"@id\":\"https:\\\/\\\/homeandevent.ch\\\/#organization\",\"name\":\"Home and Event\",\"url\":\"https:\\\/\\\/homeandevent.ch\\\/\",\"logo\":{\"@type\":\"ImageObject\",\"inLanguage\":\"it-IT\",\"@id\":\"https:\\\/\\\/homeandevent.ch\\\/#\\\/schema\\\/logo\\\/image\\\/\",\"url\":\"https:\\\/\\\/homeandevent.ch\\\/wp-content\\\/uploads\\\/2024\\\/05\\\/IMG_6756-scaled.jpg\",\"contentUrl\":\"https:\\\/\\\/homeandevent.ch\\\/wp-content\\\/uploads\\\/2024\\\/05\\\/IMG_6756-scaled.jpg\",\"width\":2560,\"height\":1920,\"caption\":\"Home and Event\"},\"image\":{\"@id\":\"https:\\\/\\\/homeandevent.ch\\\/#\\\/schema\\\/logo\\\/image\\\/\"},\"sameAs\":[\"https:\\\/\\\/www.facebook.com\\\/profile.php?id=61559863839464\"]}]}<\/script>\n<!-- \/ Yoast SEO plugin. -->","yoast_head_json":{"title":"Ferienhausservice + Hauswartungen &#062; Home and Event","robots":{"index":"index","follow":"follow","max-snippet":"max-snippet:-1","max-image-preview":"max-image-preview:large","max-video-preview":"max-video-preview:-1"},"canonical":"https:\/\/homeandevent.ch\/it\/ferienhausservice-hauswartungen\/","og_locale":"it_IT","og_type":"article","og_title":"Ferienhausservice + Hauswartungen &#062; Home and Event","og_description":"Ferienhausservice + Hauswartungen Ferienhausmanagement (Sorglospaket) Putzen Eink\u00e4ufe Reparaturen Gartenpflege Kontrollg\u00e4nge Hausabnahmen Kleine Umbauten Schl\u00fcssel\u00fcbergaben Koordination von Umbauten mit regionalen Handwerkern","og_url":"https:\/\/homeandevent.ch\/it\/ferienhausservice-hauswartungen\/","og_site_name":"Home and Event","article_publisher":"https:\/\/www.facebook.com\/profile.php?id=61559863839464","article_modified_time":"2024-05-24T08:45:15+00:00","og_image":[{"width":2560,"height":1920,"url":"https:\/\/homeandevent.ch\/wp-content\/uploads\/2024\/05\/IMG_6756-scaled.jpg","type":"image\/jpeg"}],"twitter_card":"summary_large_image","schema":{"@context":"https:\/\/schema.org","@graph":[{"@type":"WebPage","@id":"https:\/\/homeandevent.ch\/ferienhausservice-hauswartungen\/","url":"https:\/\/homeandevent.ch\/ferienhausservice-hauswartungen\/","name":"Ferienhausservice + Hauswartungen &#062; Home and Event","isPartOf":{"@id":"https:\/\/homeandevent.ch\/#website"},"datePublished":"2024-05-08T13:49:48+00:00","dateModified":"2024-05-24T08:45:15+00:00","breadcrumb":{"@id":"https:\/\/homeandevent.ch\/ferienhausservice-hauswartungen\/#breadcrumb"},"inLanguage":"it-IT","potentialAction":[{"@type":"ReadAction","target":["https:\/\/homeandevent.ch\/ferienhausservice-hauswartungen\/"]}]},{"@type":"BreadcrumbList","@id":"https:\/\/homeandevent.ch\/ferienhausservice-hauswartungen\/#breadcrumb","itemListElement":[{"@type":"ListItem","position":1,"name":"Startseite","item":"https:\/\/homeandevent.ch\/"},{"@type":"ListItem","position":2,"name":"Ferienhausservice + Hauswartungen"}]},{"@type":"WebSite","@id":"https:\/\/homeandevent.ch\/#website","url":"https:\/\/homeandevent.ch\/","name":"Home and Event","description":"Tuttofare per la manutenzione della casa, l'arte del metallo e la sabbiatura","publisher":{"@id":"https:\/\/homeandevent.ch\/#organization"},"potentialAction":[{"@type":"SearchAction","target":{"@type":"EntryPoint","urlTemplate":"https:\/\/homeandevent.ch\/?s={search_term_string}"},"query-input":{"@type":"PropertyValueSpecification","valueRequired":true,"valueName":"search_term_string"}}],"inLanguage":"it-IT"},{"@type":"Organization","@id":"https:\/\/homeandevent.ch\/#organization","name":"Home and Event","url":"https:\/\/homeandevent.ch\/","logo":{"@type":"ImageObject","inLanguage":"it-IT","@id":"https:\/\/homeandevent.ch\/#\/schema\/logo\/image\/","url":"https:\/\/homeandevent.ch\/wp-content\/uploads\/2024\/05\/IMG_6756-scaled.jpg","contentUrl":"https:\/\/homeandevent.ch\/wp-content\/uploads\/2024\/05\/IMG_6756-scaled.jpg","width":2560,"height":1920,"caption":"Home and Event"},"image":{"@id":"https:\/\/homeandevent.ch\/#\/schema\/logo\/image\/"},"sameAs":["https:\/\/www.facebook.com\/profile.php?id=61559863839464"]}]}},"_links":{"self":[{"href":"https:\/\/homeandevent.ch\/it\/wp-json\/wp\/v2\/pages\/2","targetHints":{"allow":["GET"]}}],"collection":[{"href":"https:\/\/homeandevent.ch\/it\/wp-json\/wp\/v2\/pages"}],"about":[{"href":"https:\/\/homeandevent.ch\/it\/wp-json\/wp\/v2\/types\/page"}],"author":[{"embeddable":true,"href":"https:\/\/homeandevent.ch\/it\/wp-json\/wp\/v2\/users\/1"}],"replies":[{"embeddable":true,"href":"https:\/\/homeandevent.ch\/it\/wp-json\/wp\/v2\/comments?post=2"}],"version-history":[{"count":65,"href":"https:\/\/homeandevent.ch\/it\/wp-json\/wp\/v2\/pages\/2\/revisions"}],"predecessor-version":[{"id":756,"href":"https:\/\/homeandevent.ch\/it\/wp-json\/wp\/v2\/pages\/2\/revisions\/756"}],"wp:attachment":[{"href":"https:\/\/homeandevent.ch\/it\/wp-json\/wp\/v2\/media?parent=2"}],"curies":[{"name":"wp","href":"https:\/\/api.w.org\/{rel}","templated":true}]}}