{"id":818,"date":"2024-05-24T13:17:19","date_gmt":"2024-05-24T11:17:19","guid":{"rendered":"https:\/\/homeandevent.ch\/?page_id=818"},"modified":"2024-05-24T13:49:11","modified_gmt":"2024-05-24T11:49:11","slug":"impressum","status":"publish","type":"page","link":"https:\/\/homeandevent.ch\/it\/impressum\/","title":{"rendered":"Impronta"},"content":{"rendered":"<div data-elementor-type=\"wp-page\" data-elementor-id=\"818\" class=\"elementor elementor-818\" data-elementor-post-type=\"page\">\n\t\t\t\t<div class=\"elementor-element elementor-element-2a42d90d e-flex e-con-boxed e-con e-parent\" data-id=\"2a42d90d\" data-element_type=\"container\" data-e-type=\"container\" data-settings=\"{&quot;background_background&quot;:&quot;classic&quot;}\">\n\t\t\t\t\t<div class=\"e-con-inner\">\n\t\t<div class=\"elementor-element elementor-element-724f622a e-con-full e-flex e-con e-child\" data-id=\"724f622a\" data-element_type=\"container\" data-e-type=\"container\" data-settings=\"{&quot;background_background&quot;:&quot;classic&quot;}\">\n\t\t\t\t<div class=\"elementor-element elementor-element-1c2c783b elementor-widget elementor-widget-heading\" data-id=\"1c2c783b\" data-element_type=\"widget\" data-e-type=\"widget\" data-widget_type=\"heading.default\">\n\t\t\t\t<div class=\"elementor-widget-container\">\n\t\t\t\t\t<h2 class=\"elementor-heading-title elementor-size-default\">Impronta<\/h2>\t\t\t\t<\/div>\n\t\t\t\t<\/div>\n\t\t\t\t<div class=\"elementor-element elementor-element-23680b95 elementor-widget elementor-widget-text-editor\" data-id=\"23680b95\" data-element_type=\"widget\" data-e-type=\"widget\" data-widget_type=\"text-editor.default\">\n\t\t\t\t<div class=\"elementor-widget-container\">\n\t\t\t\t\t\t\t\t\t<div>\u00a0<\/div><div class=\"content-generator-output translation-block\"><b>Autorit\u00e0 responsabile:<\/b><br>\nHome and Event GmbH<br>\nCorzoneso Piano 6722<br>\nStrada di Capell 9<br>\nSvizzera<br><br>\nE-mail: info@homeandevent.ch<br><br>\n\n<b>Persone autorizzate a rappresentare:<\/b><br>\nAlexander K\u00e4ch<br><br>\n\n<b>Nome dell'azienda: <\/b><br>\nHome and Event GmbH<br><br>\n\n<b>Disclaimer<\/b><br>\nL'autore non si assume alcuna responsabilit\u00e0 per la correttezza, l'esattezza, l'attualit\u00e0, l'affidabilit\u00e0 e la completezza delle informazioni.Sono escluse rivendicazioni di responsabilit\u00e0 nei confronti dell'autore per danni materiali o immateriali derivanti dall'accesso, dall'uso o dal mancato uso delle informazioni pubblicate, dall'abuso della connessione o da guasti tecnici.Tutte le offerte non sono vincolanti. L'autore si riserva espressamente il diritto di modificare, integrare o cancellare parti delle pagine o l'intera offerta senza preavviso o di interrompere temporaneamente o definitivamente la pubblicazione.Esclusione di responsabilit\u00e0 per contenuti e linkI riferimenti e i link a siti web di terzi esulano dalla nostra sfera di responsabilit\u00e0. Si declina ogni responsabilit\u00e0 per tali siti web. L'accesso e l'utilizzo di tali siti web \u00e8 a rischio e pericolo dell'utente.<\/div>\t\t\t\t\t\t\t\t<\/div>\n\t\t\t\t<\/div>\n\t\t\t\t<\/div>\n\t\t\t\t\t<\/div>\n\t\t\t\t<\/div>\n\t\t\t\t<\/div>","protected":false},"excerpt":{"rendered":"<p>Impressum Verantwortliche Instanz: Home and Event GmbH Corzoneso Piano 6722 Strada di Capell 9\u200b Schweiz E-Mail: info@homeandevent.ch Vertretungsberechtigte Personen Alexander K\u00e4ch Name des Unternehmens: Home and Event GmbH Haftungsausschluss Der Autor \u00fcbernimmt keine Gew\u00e4hr f\u00fcr die Richtigkeit, Genauigkeit, Aktualit\u00e4t, Zuverl\u00e4ssigkeit und Vollst\u00e4ndigkeit der Informationen. Haftungsanspr\u00fcche gegen den Autor wegen Sch\u00e4den materieller oder immaterieller Art, die [&hellip;]<\/p>\n","protected":false},"author":1,"featured_media":0,"parent":0,"menu_order":0,"comment_status":"closed","ping_status":"closed","template":"","meta":{"iawp_total_views":2,"footnotes":""},"class_list":["post-818","page","type-page","status-publish","hentry"],"yoast_head":"<!-- This site is optimized with the Yoast SEO plugin v27.4 - https:\/\/yoast.com\/product\/yoast-seo-wordpress\/ -->\n<title>Impressum &#062; Home and Event<\/title>\n<meta name=\"robots\" content=\"noindex, nofollow\" \/>\n<meta property=\"og:locale\" content=\"it_IT\" \/>\n<meta property=\"og:type\" content=\"article\" \/>\n<meta property=\"og:title\" content=\"Impressum &#062; Home and Event\" \/>\n<meta property=\"og:description\" content=\"Impressum Verantwortliche Instanz: Home and Event GmbH Corzoneso Piano 6722 Strada di Capell 9\u200b Schweiz E-Mail: info@homeandevent.ch Vertretungsberechtigte Personen Alexander K\u00e4ch Name des Unternehmens: Home and Event GmbH Haftungsausschluss Der Autor \u00fcbernimmt keine Gew\u00e4hr f\u00fcr die Richtigkeit, Genauigkeit, Aktualit\u00e4t, Zuverl\u00e4ssigkeit und Vollst\u00e4ndigkeit der Informationen. Haftungsanspr\u00fcche gegen den Autor wegen Sch\u00e4den materieller oder immaterieller Art, die [&hellip;]\" \/>\n<meta property=\"og:url\" content=\"https:\/\/homeandevent.ch\/it\/impressum\/\" \/>\n<meta property=\"og:site_name\" content=\"Home and Event\" \/>\n<meta property=\"article:publisher\" content=\"https:\/\/www.facebook.com\/profile.php?id=61559863839464\" \/>\n<meta property=\"article:modified_time\" content=\"2024-05-24T11:49:11+00:00\" \/>\n<meta property=\"og:image\" content=\"https:\/\/homeandevent.ch\/wp-content\/uploads\/2024\/05\/IMG_6756-scaled.jpg\" \/>\n\t<meta property=\"og:image:width\" content=\"2560\" \/>\n\t<meta property=\"og:image:height\" content=\"1920\" \/>\n\t<meta property=\"og:image:type\" content=\"image\/jpeg\" \/>\n<meta name=\"twitter:card\" content=\"summary_large_image\" \/>\n<meta name=\"twitter:label1\" content=\"Tempo di lettura stimato\" \/>\n\t<meta name=\"twitter:data1\" content=\"2 minuti\" \/>\n<script type=\"application\/ld+json\" class=\"yoast-schema-graph\">{\"@context\":\"https:\\\/\\\/schema.org\",\"@graph\":[{\"@type\":\"WebPage\",\"@id\":\"https:\\\/\\\/homeandevent.ch\\\/impressum\\\/\",\"url\":\"https:\\\/\\\/homeandevent.ch\\\/impressum\\\/\",\"name\":\"Impressum &#062; Home and Event\",\"isPartOf\":{\"@id\":\"https:\\\/\\\/homeandevent.ch\\\/#website\"},\"datePublished\":\"2024-05-24T11:17:19+00:00\",\"dateModified\":\"2024-05-24T11:49:11+00:00\",\"breadcrumb\":{\"@id\":\"https:\\\/\\\/homeandevent.ch\\\/impressum\\\/#breadcrumb\"},\"inLanguage\":\"it-IT\",\"potentialAction\":[{\"@type\":\"ReadAction\",\"target\":[\"https:\\\/\\\/homeandevent.ch\\\/impressum\\\/\"]}]},{\"@type\":\"BreadcrumbList\",\"@id\":\"https:\\\/\\\/homeandevent.ch\\\/impressum\\\/#breadcrumb\",\"itemListElement\":[{\"@type\":\"ListItem\",\"position\":1,\"name\":\"Startseite\",\"item\":\"https:\\\/\\\/homeandevent.ch\\\/\"},{\"@type\":\"ListItem\",\"position\":2,\"name\":\"Impressum\"}]},{\"@type\":\"WebSite\",\"@id\":\"https:\\\/\\\/homeandevent.ch\\\/#website\",\"url\":\"https:\\\/\\\/homeandevent.ch\\\/\",\"name\":\"Home and Event\",\"description\":\"Allrounder f\u00fcr Hauswartungen, Metallkunst und Sandstrahlen\",\"publisher\":{\"@id\":\"https:\\\/\\\/homeandevent.ch\\\/#organization\"},\"potentialAction\":[{\"@type\":\"SearchAction\",\"target\":{\"@type\":\"EntryPoint\",\"urlTemplate\":\"https:\\\/\\\/homeandevent.ch\\\/?s={search_term_string}\"},\"query-input\":{\"@type\":\"PropertyValueSpecification\",\"valueRequired\":true,\"valueName\":\"search_term_string\"}}],\"inLanguage\":\"it-IT\"},{\"@type\":\"Organization\",\"@id\":\"https:\\\/\\\/homeandevent.ch\\\/#organization\",\"name\":\"Home and Event\",\"url\":\"https:\\\/\\\/homeandevent.ch\\\/\",\"logo\":{\"@type\":\"ImageObject\",\"inLanguage\":\"it-IT\",\"@id\":\"https:\\\/\\\/homeandevent.ch\\\/#\\\/schema\\\/logo\\\/image\\\/\",\"url\":\"https:\\\/\\\/homeandevent.ch\\\/wp-content\\\/uploads\\\/2024\\\/05\\\/IMG_6756-scaled.jpg\",\"contentUrl\":\"https:\\\/\\\/homeandevent.ch\\\/wp-content\\\/uploads\\\/2024\\\/05\\\/IMG_6756-scaled.jpg\",\"width\":2560,\"height\":1920,\"caption\":\"Home and Event\"},\"image\":{\"@id\":\"https:\\\/\\\/homeandevent.ch\\\/#\\\/schema\\\/logo\\\/image\\\/\"},\"sameAs\":[\"https:\\\/\\\/www.facebook.com\\\/profile.php?id=61559863839464\"]}]}<\/script>\n<!-- \/ Yoast SEO plugin. -->","yoast_head_json":{"title":"Impressum &#062; Home and Event","robots":{"index":"noindex","follow":"nofollow"},"og_locale":"it_IT","og_type":"article","og_title":"Impressum &#062; Home and Event","og_description":"Impressum Verantwortliche Instanz: Home and Event GmbH Corzoneso Piano 6722 Strada di Capell 9\u200b Schweiz E-Mail: info@homeandevent.ch Vertretungsberechtigte Personen Alexander K\u00e4ch Name des Unternehmens: Home and Event GmbH Haftungsausschluss Der Autor \u00fcbernimmt keine Gew\u00e4hr f\u00fcr die Richtigkeit, Genauigkeit, Aktualit\u00e4t, Zuverl\u00e4ssigkeit und Vollst\u00e4ndigkeit der Informationen. Haftungsanspr\u00fcche gegen den Autor wegen Sch\u00e4den materieller oder immaterieller Art, die [&hellip;]","og_url":"https:\/\/homeandevent.ch\/it\/impressum\/","og_site_name":"Home and Event","article_publisher":"https:\/\/www.facebook.com\/profile.php?id=61559863839464","article_modified_time":"2024-05-24T11:49:11+00:00","og_image":[{"width":2560,"height":1920,"url":"https:\/\/homeandevent.ch\/wp-content\/uploads\/2024\/05\/IMG_6756-scaled.jpg","type":"image\/jpeg"}],"twitter_card":"summary_large_image","twitter_misc":{"Tempo di lettura stimato":"2 minuti"},"schema":{"@context":"https:\/\/schema.org","@graph":[{"@type":"WebPage","@id":"https:\/\/homeandevent.ch\/impressum\/","url":"https:\/\/homeandevent.ch\/impressum\/","name":"Impressum &#062; Home and Event","isPartOf":{"@id":"https:\/\/homeandevent.ch\/#website"},"datePublished":"2024-05-24T11:17:19+00:00","dateModified":"2024-05-24T11:49:11+00:00","breadcrumb":{"@id":"https:\/\/homeandevent.ch\/impressum\/#breadcrumb"},"inLanguage":"it-IT","potentialAction":[{"@type":"ReadAction","target":["https:\/\/homeandevent.ch\/impressum\/"]}]},{"@type":"BreadcrumbList","@id":"https:\/\/homeandevent.ch\/impressum\/#breadcrumb","itemListElement":[{"@type":"ListItem","position":1,"name":"Startseite","item":"https:\/\/homeandevent.ch\/"},{"@type":"ListItem","position":2,"name":"Impressum"}]},{"@type":"WebSite","@id":"https:\/\/homeandevent.ch\/#website","url":"https:\/\/homeandevent.ch\/","name":"Home and Event","description":"Tuttofare per la manutenzione della casa, l'arte del metallo e la sabbiatura","publisher":{"@id":"https:\/\/homeandevent.ch\/#organization"},"potentialAction":[{"@type":"SearchAction","target":{"@type":"EntryPoint","urlTemplate":"https:\/\/homeandevent.ch\/?s={search_term_string}"},"query-input":{"@type":"PropertyValueSpecification","valueRequired":true,"valueName":"search_term_string"}}],"inLanguage":"it-IT"},{"@type":"Organization","@id":"https:\/\/homeandevent.ch\/#organization","name":"Home and Event","url":"https:\/\/homeandevent.ch\/","logo":{"@type":"ImageObject","inLanguage":"it-IT","@id":"https:\/\/homeandevent.ch\/#\/schema\/logo\/image\/","url":"https:\/\/homeandevent.ch\/wp-content\/uploads\/2024\/05\/IMG_6756-scaled.jpg","contentUrl":"https:\/\/homeandevent.ch\/wp-content\/uploads\/2024\/05\/IMG_6756-scaled.jpg","width":2560,"height":1920,"caption":"Home and Event"},"image":{"@id":"https:\/\/homeandevent.ch\/#\/schema\/logo\/image\/"},"sameAs":["https:\/\/www.facebook.com\/profile.php?id=61559863839464"]}]}},"_links":{"self":[{"href":"https:\/\/homeandevent.ch\/it\/wp-json\/wp\/v2\/pages\/818","targetHints":{"allow":["GET"]}}],"collection":[{"href":"https:\/\/homeandevent.ch\/it\/wp-json\/wp\/v2\/pages"}],"about":[{"href":"https:\/\/homeandevent.ch\/it\/wp-json\/wp\/v2\/types\/page"}],"author":[{"embeddable":true,"href":"https:\/\/homeandevent.ch\/it\/wp-json\/wp\/v2\/users\/1"}],"replies":[{"embeddable":true,"href":"https:\/\/homeandevent.ch\/it\/wp-json\/wp\/v2\/comments?post=818"}],"version-history":[{"count":8,"href":"https:\/\/homeandevent.ch\/it\/wp-json\/wp\/v2\/pages\/818\/revisions"}],"predecessor-version":[{"id":849,"href":"https:\/\/homeandevent.ch\/it\/wp-json\/wp\/v2\/pages\/818\/revisions\/849"}],"wp:attachment":[{"href":"https:\/\/homeandevent.ch\/it\/wp-json\/wp\/v2\/media?parent=818"}],"curies":[{"name":"wp","href":"https:\/\/api.w.org\/{rel}","templated":true}]}}